{"id":30387,"date":"2024-09-30T15:31:09","date_gmt":"2024-09-30T13:31:09","guid":{"rendered":"https:\/\/utveckling.visiondevelop.nu\/electia\/?page_id=30387"},"modified":"2025-02-17T09:58:30","modified_gmt":"2025-02-17T08:58:30","slug":"hem","status":"publish","type":"page","link":"https:\/\/stepthec.com\/sv\/","title":{"rendered":"Hem"},"content":{"rendered":"<p>[et_pb_section fb_built=&#8221;1&#8243; custom_padding_last_edited=&#8221;on|phone&#8221; _builder_version=&#8221;4.27.2&#8243; _module_preset=&#8221;default&#8221; background_color=&#8221;rgba(0,0,0,0.3)&#8221; background_image=&#8221;https:\/\/stepthec.com\/wp-content\/uploads\/2024\/09\/hero.jpg&#8221; background_position=&#8221;bottom_center&#8221; background_blend=&#8221;overlay&#8221; background_video_mp4=&#8221;https:\/\/stepthec.com\/wp-content\/uploads\/2024\/10\/Wave-Particles-Background-Video-Futuristic.mp4&#8243; custom_margin=&#8221;||||false|false&#8221; custom_padding=&#8221;250px||250px||true|false&#8221; custom_padding_tablet=&#8221;80px||80px||true|false&#8221; custom_padding_phone=&#8221;60px||60px||true|false&#8221; border_color_all=&#8221;RGBA(255,255,255,0)&#8221; border_width_right=&#8221;0.5px&#8221; border_color_right=&#8221;#333333&#8243; border_width_bottom=&#8221;0.5px&#8221; border_color_bottom=&#8221;#333333&#8243; border_width_left=&#8221;0.5px&#8221; border_color_left=&#8221;#333333&#8243; global_colors_info=&#8221;{}&#8221;][et_pb_row custom_padding_last_edited=&#8221;on|desktop&#8221; _builder_version=&#8221;4.27.0&#8243; _module_preset=&#8221;default&#8221; max_width=&#8221;100%&#8221; custom_margin=&#8221;||0px||false|false&#8221; custom_margin_tablet=&#8221;||0px||false|false&#8221; custom_margin_phone=&#8221;||0px||false|false&#8221; custom_margin_last_edited=&#8221;on|desktop&#8221; custom_padding=&#8221;0px||0px||true|false&#8221; custom_padding_tablet=&#8221;0px||0px||true|false&#8221; custom_padding_phone=&#8221;0px||0px||true|false&#8221; global_colors_info=&#8221;{}&#8221;][et_pb_column type=&#8221;4_4&#8243; _builder_version=&#8221;4.16&#8243; _module_preset=&#8221;default&#8221; global_colors_info=&#8221;{}&#8221;][et_pb_text _builder_version=&#8221;4.27.2&#8243; _module_preset=&#8221;default&#8221; header_font=&#8221;|||||||#ff4f28|&#8221; header_text_color=&#8221;#FFFFFF&#8221; header_font_size=&#8221;62px&#8221; header_font_size_tablet=&#8221;62px&#8221; header_font_size_phone=&#8221;32px&#8221; header_font_size_last_edited=&#8221;on|phone&#8221; header_text_shadow_style=&#8221;preset3&#8243; global_colors_info=&#8221;{}&#8221;]<\/p>\n<h1>Stepthec Oy<\/h1>\n<p>[\/et_pb_text][et_pb_text _builder_version=&#8221;4.27.4&#8243; _module_preset=&#8221;default&#8221; text_text_color=&#8221;#FFFFFF&#8221; text_font_size=&#8221;30px&#8221; global_colors_info=&#8221;{}&#8221;]P\u00e5litlig och erfaren expert inom bearbetning och industriellt tryck[\/et_pb_text][et_pb_button button_url=&#8221;@ET-DC@eyJkeW5hbWljIjp0cnVlLCJjb250ZW50IjoicG9zdF9saW5rX3VybF9wYWdlIiwic2V0dGluZ3MiOnsicG9zdF9pZCI6IjMwNDA1In19@&#8221; button_text=&#8221;Kontakta oss&#8221; _builder_version=&#8221;4.27.2&#8243; _dynamic_attributes=&#8221;button_url&#8221; _module_preset=&#8221;default&#8221; custom_button=&#8221;on&#8221; button_text_color=&#8221;#FFFFFF&#8221; button_bg_color=&#8221;#333333&#8243; button_border_color=&#8221;#333333&#8243; button_border_radius=&#8221;2px&#8221; button_font=&#8221;|||on|||||&#8221; custom_margin=&#8221;||||false|false&#8221; custom_padding=&#8221;|5%||5%|false|true&#8221; box_shadow_style=&#8221;preset1&#8243; box_shadow_color=&#8221;rgba(0,0,0,0.1)&#8221; global_colors_info=&#8221;{}&#8221;][\/et_pb_button][\/et_pb_column][\/et_pb_row][\/et_pb_section][et_pb_section fb_built=&#8221;1&#8243; custom_padding_last_edited=&#8221;on|tablet&#8221; _builder_version=&#8221;4.27.2&#8243; _module_preset=&#8221;default&#8221; background_enable_color=&#8221;off&#8221; custom_padding_tablet=&#8221;||0px||false|false&#8221; custom_padding_phone=&#8221;||0px||false|false&#8221; global_colors_info=&#8221;{}&#8221;][et_pb_row column_structure=&#8221;1_3,1_3,1_3&#8243; use_custom_gutter=&#8221;on&#8221; _builder_version=&#8221;4.27.4&#8243; _module_preset=&#8221;default&#8221; max_width=&#8221;100%&#8221; custom_margin=&#8221;0px||0px||false|false&#8221; custom_padding=&#8221;0px||0px||false|false&#8221; global_colors_info=&#8221;{}&#8221;][et_pb_column type=&#8221;1_3&#8243; _builder_version=&#8221;4.27.4&#8243; _dynamic_attributes=&#8221;link_option_url&#8221; _module_preset=&#8221;default&#8221; background_color=&#8221;rgba(0,0,0,0.33)&#8221; background_image=&#8221;https:\/\/stepthec.com\/wp-content\/uploads\/2025\/01\/about-img1.jpg&#8221; background_blend=&#8221;overlay&#8221; link_option_url=&#8221;@ET-DC@eyJkeW5hbWljIjp0cnVlLCJjb250ZW50IjoicG9zdF9saW5rX3VybF9wYWdlIiwic2V0dGluZ3MiOnsicG9zdF9pZCI6IjMwNDAxIn19@&#8221; border_width_all=&#8221;5px&#8221; border_color_all=&#8221;#FFFFFF&#8221; box_shadow_style=&#8221;preset1&#8243; global_colors_info=&#8221;{}&#8221; filter_saturate__hover_enabled=&#8221;on|hover&#8221; filter_saturate__hover=&#8221;0%&#8221;][et_pb_text _builder_version=&#8221;4.27.4&#8243; _dynamic_attributes=&#8221;link_option_url&#8221; _module_preset=&#8221;default&#8221; header_font=&#8221;|600|||||||&#8221; header_3_font=&#8221;|900||on|on||||&#8221; header_3_text_color=&#8221;#FFFFFF&#8221; header_3_font_size=&#8221;35px&#8221; custom_margin=&#8221;||0px||false|false&#8221; custom_padding=&#8221;12vw|1vw|1vw|1vw|false|false&#8221; custom_padding_tablet=&#8221;30vw||||false|false&#8221; custom_padding_phone=&#8221;30vw||||false|false&#8221; custom_padding_last_edited=&#8221;on|phone&#8221; link_option_url=&#8221;@ET-DC@eyJkeW5hbWljIjp0cnVlLCJjb250ZW50IjoicG9zdF9saW5rX3VybF9wYWdlIiwic2V0dGluZ3MiOnsicG9zdF9pZCI6IjMwNDAxIn19@&#8221; header_3_font_size_tablet=&#8221;35px&#8221; header_3_font_size_phone=&#8221;22px&#8221; header_3_font_size_last_edited=&#8221;on|phone&#8221; header_3_text_shadow_style=&#8221;preset3&#8243; global_colors_info=&#8221;{}&#8221;]<\/p>\n<h3>Om oss<\/h3>\n<p>[\/et_pb_text][\/et_pb_column][et_pb_column type=&#8221;1_3&#8243; _builder_version=&#8221;4.27.4&#8243; _dynamic_attributes=&#8221;link_option_url&#8221; _module_preset=&#8221;default&#8221; background_color=&#8221;rgba(0,0,0,0.33)&#8221; background_image=&#8221;https:\/\/stepthec.com\/wp-content\/uploads\/2025\/01\/service-img1.jpg&#8221; background_blend=&#8221;overlay&#8221; link_option_url=&#8221;@ET-DC@eyJkeW5hbWljIjp0cnVlLCJjb250ZW50IjoicG9zdF9saW5rX3VybF9wYWdlIiwic2V0dGluZ3MiOnsicG9zdF9pZCI6IjMwNDAzIn19@&#8221; border_width_all=&#8221;5px&#8221; border_color_all=&#8221;#FFFFFF&#8221; box_shadow_style=&#8221;preset1&#8243; global_colors_info=&#8221;{}&#8221; filter_saturate__hover_enabled=&#8221;on|hover&#8221; filter_saturate__hover=&#8221;0%&#8221;][et_pb_text _builder_version=&#8221;4.27.2&#8243; _dynamic_attributes=&#8221;link_option_url&#8221; _module_preset=&#8221;default&#8221; header_font=&#8221;|600|||||||&#8221; header_3_font=&#8221;|900||on|on||||&#8221; header_3_text_color=&#8221;#FFFFFF&#8221; header_3_font_size=&#8221;35px&#8221; custom_margin=&#8221;||0px||false|false&#8221; custom_padding=&#8221;12vw|1vw|1vw|1vw|false|false&#8221; custom_padding_tablet=&#8221;30vw||||false|false&#8221; custom_padding_phone=&#8221;30vw|1vw|1vw|1vw|false|false&#8221; custom_padding_last_edited=&#8221;on|phone&#8221; link_option_url=&#8221;@ET-DC@eyJkeW5hbWljIjp0cnVlLCJjb250ZW50IjoicG9zdF9saW5rX3VybF9wYWdlIiwic2V0dGluZ3MiOnsicG9zdF9pZCI6IjMwNDAzIn19@&#8221; header_3_font_size_tablet=&#8221;35px&#8221; header_3_font_size_phone=&#8221;22px&#8221; header_3_font_size_last_edited=&#8221;on|phone&#8221; header_3_text_shadow_style=&#8221;preset3&#8243; global_colors_info=&#8221;{}&#8221;]<\/p>\n<h3>Tj\u00e4nster<\/h3>\n<p>[\/et_pb_text][\/et_pb_column][et_pb_column type=&#8221;1_3&#8243; _builder_version=&#8221;4.27.4&#8243; _dynamic_attributes=&#8221;link_option_url&#8221; _module_preset=&#8221;default&#8221; background_color=&#8221;rgba(0,0,0,0.33)&#8221; background_image=&#8221;https:\/\/stepthec.com\/wp-content\/uploads\/2024\/10\/Nytt-projekt-2.jpg&#8221; background_blend=&#8221;overlay&#8221; link_option_url=&#8221;@ET-DC@eyJkeW5hbWljIjp0cnVlLCJjb250ZW50IjoicG9zdF9saW5rX3VybF9wYWdlIiwic2V0dGluZ3MiOnsicG9zdF9pZCI6IjMwNDA1In19@&#8221; border_width_all=&#8221;5px&#8221; border_color_all=&#8221;#FFFFFF&#8221; box_shadow_style=&#8221;preset1&#8243; global_colors_info=&#8221;{}&#8221; filter_saturate__hover_enabled=&#8221;on|hover&#8221; filter_saturate__hover=&#8221;0%&#8221;][et_pb_text _builder_version=&#8221;4.27.2&#8243; _dynamic_attributes=&#8221;link_option_url&#8221; _module_preset=&#8221;default&#8221; header_font=&#8221;|600|||||||&#8221; header_3_font=&#8221;|900||on|on||||&#8221; header_3_text_color=&#8221;#FFFFFF&#8221; header_3_font_size=&#8221;35px&#8221; custom_margin=&#8221;||0px||false|false&#8221; custom_padding=&#8221;12vw|1vw|1vw|1vw|false|false&#8221; custom_padding_tablet=&#8221;30vw||||false|false&#8221; custom_padding_phone=&#8221;30vw|1vw|1vw|1vw|false|false&#8221; custom_padding_last_edited=&#8221;on|phone&#8221; link_option_url=&#8221;@ET-DC@eyJkeW5hbWljIjp0cnVlLCJjb250ZW50IjoicG9zdF9saW5rX3VybF9wYWdlIiwic2V0dGluZ3MiOnsicG9zdF9pZCI6IjMwNDA1In19@&#8221; header_3_font_size_tablet=&#8221;35px&#8221; header_3_font_size_phone=&#8221;22px&#8221; header_3_font_size_last_edited=&#8221;on|phone&#8221; header_3_text_shadow_style=&#8221;preset3&#8243; global_colors_info=&#8221;{}&#8221;]<\/p>\n<h3>Kontakt<\/h3>\n<p>[\/et_pb_text][\/et_pb_column][\/et_pb_row][\/et_pb_section][et_pb_section fb_built=&#8221;1&#8243; _builder_version=&#8221;4.27.0&#8243; _module_preset=&#8221;default&#8221; global_colors_info=&#8221;{}&#8221;][et_pb_row column_structure=&#8221;1_2,1_2&#8243; make_equal=&#8221;on&#8221; module_class=&#8221;center-align&#8221; _builder_version=&#8221;4.27.2&#8243; _module_preset=&#8221;default&#8221; max_width=&#8221;100%&#8221; global_colors_info=&#8221;{}&#8221;][et_pb_column type=&#8221;1_2&#8243; _builder_version=&#8221;4.27.2&#8243; _module_preset=&#8221;default&#8221; custom_padding=&#8221;|0px|0px||false|false&#8221; global_colors_info=&#8221;{}&#8221;][et_pb_text _builder_version=&#8221;4.27.4&#8243; _module_preset=&#8221;default&#8221; text_font_size=&#8221;20px&#8221; text_letter_spacing=&#8221;1px&#8221; text_line_height=&#8221;1.3em&#8221; ul_line_height=&#8221;1.3em&#8221; header_font=&#8221;|600|||||||&#8221; header_3_font=&#8221;|300|||on||||&#8221; header_3_font_size=&#8221;32px&#8221; header_4_font=&#8221;|300|||on||||&#8221; header_4_font_size=&#8221;22px&#8221; header_5_font=&#8221;|300|||||||&#8221; header_5_font_size=&#8221;24px&#8221; positioning=&#8221;relative&#8221; vertical_offset=&#8221;-27px&#8221; custom_margin=&#8221;||||false|false&#8221; custom_padding=&#8221;||||false|false&#8221; global_colors_info=&#8221;{}&#8221;]<\/p>\n<h2>V\u00e4lkommen till Stepthec Oy \u2013 din kompletta leverant\u00f6r.<\/h2>\n<p>Med \u00f6ver tio \u00e5rs erfarenhet i branschen erbjuder vi expertis och h\u00f6gkvalitativa l\u00f6sningar inom b\u00e5de CNC-bearbetning och Industriellt tryck. Vi hanterar hela kedjan fr\u00e5n design och materialink\u00f6p till montering och volymproduktion, vilket g\u00f6r oss till en flexibel och p\u00e5litlig partner f\u00f6r dina projekt.[\/et_pb_text][et_pb_button button_url=&#8221;@ET-DC@eyJkeW5hbWljIjp0cnVlLCJjb250ZW50IjoicG9zdF9saW5rX3VybF9wYWdlIiwic2V0dGluZ3MiOnsicG9zdF9pZCI6IjMwNDA1In19@&#8221; button_text=&#8221;Kontakta oss&#8221; _builder_version=&#8221;4.27.4&#8243; _dynamic_attributes=&#8221;button_url&#8221; _module_preset=&#8221;default&#8221; custom_button=&#8221;on&#8221; button_text_color=&#8221;#FFFFFF&#8221; button_bg_color=&#8221;#333333&#8243; button_border_color=&#8221;#333333&#8243; button_border_radius=&#8221;2px&#8221; button_font=&#8221;|||on|||||&#8221; positioning=&#8221;relative&#8221; position_origin_r=&#8221;bottom_left&#8221; vertical_offset=&#8221;-16px&#8221; custom_margin=&#8221;||||false|false&#8221; custom_padding=&#8221;|5%||5%|false|true&#8221; box_shadow_style=&#8221;preset1&#8243; box_shadow_color=&#8221;rgba(0,0,0,0.1)&#8221; global_colors_info=&#8221;{}&#8221;][\/et_pb_button][\/et_pb_column][et_pb_column type=&#8221;1_2&#8243; _builder_version=&#8221;4.27.2&#8243; _module_preset=&#8221;default&#8221; background_image=&#8221;https:\/\/stepthec.com\/wp-content\/uploads\/2024\/10\/resize.jpg&#8221; global_colors_info=&#8221;{}&#8221;][et_pb_image src=&#8221;https:\/\/stepthec.com\/wp-content\/uploads\/2024\/10\/resize.jpg&#8221; title_text=&#8221;resize&#8221; disabled_on=&#8221;off|off|off&#8221; _builder_version=&#8221;4.27.2&#8243; _module_preset=&#8221;default&#8221; global_colors_info=&#8221;{}&#8221;][\/et_pb_image][\/et_pb_column][\/et_pb_row][\/et_pb_section]<\/p>\n","protected":false},"excerpt":{"rendered":"<p>Stepthec OyP\u00e5litlig och erfaren expert inom bearbetning och industriellt tryckOm ossTj\u00e4nsterKontaktV\u00e4lkommen till Stepthec Oy \u2013 din kompletta leverant\u00f6r. Med \u00f6ver tio \u00e5rs erfarenhet i branschen erbjuder vi expertis och h\u00f6gkvalitativa l\u00f6sningar inom b\u00e5de CNC-bearbetning och Industriellt tryck. Vi hanterar hela kedjan fr\u00e5n design och materialink\u00f6p till montering och volymproduktion, vilket g\u00f6r oss till en flexibel [&hellip;]<\/p>\n","protected":false},"author":1,"featured_media":0,"parent":0,"menu_order":0,"comment_status":"closed","ping_status":"closed","template":"","meta":{"_et_pb_use_builder":"on","_et_pb_old_content":"","_et_gb_content_width":"","footnotes":""},"class_list":["post-30387","page","type-page","status-publish","hentry"],"yoast_head":"<!-- This site is optimized with the Yoast SEO plugin v24.4 - https:\/\/yoast.com\/wordpress\/plugins\/seo\/ -->\n<title>Hem - Stepthec Oy<\/title>\n<meta name=\"robots\" content=\"index, follow, max-snippet:-1, max-image-preview:large, max-video-preview:-1\" \/>\n<link rel=\"canonical\" href=\"https:\/\/stepthec.com\/\" \/>\n<meta property=\"og:locale\" content=\"sv_SE\" \/>\n<meta property=\"og:type\" content=\"article\" \/>\n<meta property=\"og:title\" content=\"Hem - Stepthec Oy\" \/>\n<meta property=\"og:description\" content=\"Stepthec OyP\u00e5litlig och erfaren expert inom bearbetning och industriellt tryckOm ossTj\u00e4nsterKontaktV\u00e4lkommen till Stepthec Oy \u2013 din kompletta leverant\u00f6r. Med \u00f6ver tio \u00e5rs erfarenhet i branschen erbjuder vi expertis och h\u00f6gkvalitativa l\u00f6sningar inom b\u00e5de CNC-bearbetning och Industriellt tryck. Vi hanterar hela kedjan fr\u00e5n design och materialink\u00f6p till montering och volymproduktion, vilket g\u00f6r oss till en flexibel [&hellip;]\" \/>\n<meta property=\"og:url\" content=\"https:\/\/stepthec.com\/\" \/>\n<meta property=\"og:site_name\" content=\"Stepthec Oy\" \/>\n<meta property=\"article:modified_time\" content=\"2025-02-17T08:58:30+00:00\" \/>\n<meta name=\"twitter:card\" content=\"summary_large_image\" \/>\n<meta name=\"twitter:label1\" content=\"Ber\u00e4knad l\u00e4stid\" \/>\n\t<meta name=\"twitter:data1\" content=\"1 minut\" \/>\n<script type=\"application\/ld+json\" class=\"yoast-schema-graph\">{\"@context\":\"https:\/\/schema.org\",\"@graph\":[{\"@type\":\"WebPage\",\"@id\":\"https:\/\/stepthec.com\/\",\"url\":\"https:\/\/stepthec.com\/\",\"name\":\"Hem - Stepthec Oy\",\"isPartOf\":{\"@id\":\"https:\/\/stepthec.com\/#website\"},\"datePublished\":\"2024-09-30T13:31:09+00:00\",\"dateModified\":\"2025-02-17T08:58:30+00:00\",\"breadcrumb\":{\"@id\":\"https:\/\/stepthec.com\/#breadcrumb\"},\"inLanguage\":\"sv-SE\",\"potentialAction\":[{\"@type\":\"ReadAction\",\"target\":[\"https:\/\/stepthec.com\/\"]}]},{\"@type\":\"BreadcrumbList\",\"@id\":\"https:\/\/stepthec.com\/#breadcrumb\",\"itemListElement\":[{\"@type\":\"ListItem\",\"position\":1,\"name\":\"Hem\",\"item\":\"https:\/\/stepthec.com\/\"},{\"@type\":\"ListItem\",\"position\":2,\"name\":\"Hem\"}]},{\"@type\":\"WebSite\",\"@id\":\"https:\/\/stepthec.com\/#website\",\"url\":\"https:\/\/stepthec.com\/\",\"name\":\"Stepthec Oy\",\"description\":\"\",\"publisher\":{\"@id\":\"https:\/\/stepthec.com\/#organization\"},\"potentialAction\":[{\"@type\":\"SearchAction\",\"target\":{\"@type\":\"EntryPoint\",\"urlTemplate\":\"https:\/\/stepthec.com\/?s={search_term_string}\"},\"query-input\":{\"@type\":\"PropertyValueSpecification\",\"valueRequired\":true,\"valueName\":\"search_term_string\"}}],\"inLanguage\":\"sv-SE\"},{\"@type\":\"Organization\",\"@id\":\"https:\/\/stepthec.com\/#organization\",\"name\":\"Stepthec Oy\",\"url\":\"https:\/\/stepthec.com\/\",\"logo\":{\"@type\":\"ImageObject\",\"inLanguage\":\"sv-SE\",\"@id\":\"https:\/\/stepthec.com\/#\/schema\/logo\/image\/\",\"url\":\"https:\/\/stepthec.com\/wp-content\/uploads\/2024\/10\/weblogo-stepthec.png\",\"contentUrl\":\"https:\/\/stepthec.com\/wp-content\/uploads\/2024\/10\/weblogo-stepthec.png\",\"width\":300,\"height\":73,\"caption\":\"Stepthec Oy\"},\"image\":{\"@id\":\"https:\/\/stepthec.com\/#\/schema\/logo\/image\/\"}}]}<\/script>\n<!-- \/ Yoast SEO plugin. -->","yoast_head_json":{"title":"Hem - Stepthec Oy","robots":{"index":"index","follow":"follow","max-snippet":"max-snippet:-1","max-image-preview":"max-image-preview:large","max-video-preview":"max-video-preview:-1"},"canonical":"https:\/\/stepthec.com\/","og_locale":"sv_SE","og_type":"article","og_title":"Hem - Stepthec Oy","og_description":"Stepthec OyP\u00e5litlig och erfaren expert inom bearbetning och industriellt tryckOm ossTj\u00e4nsterKontaktV\u00e4lkommen till Stepthec Oy \u2013 din kompletta leverant\u00f6r. Med \u00f6ver tio \u00e5rs erfarenhet i branschen erbjuder vi expertis och h\u00f6gkvalitativa l\u00f6sningar inom b\u00e5de CNC-bearbetning och Industriellt tryck. Vi hanterar hela kedjan fr\u00e5n design och materialink\u00f6p till montering och volymproduktion, vilket g\u00f6r oss till en flexibel [&hellip;]","og_url":"https:\/\/stepthec.com\/","og_site_name":"Stepthec Oy","article_modified_time":"2025-02-17T08:58:30+00:00","twitter_card":"summary_large_image","twitter_misc":{"Ber\u00e4knad l\u00e4stid":"1 minut"},"schema":{"@context":"https:\/\/schema.org","@graph":[{"@type":"WebPage","@id":"https:\/\/stepthec.com\/","url":"https:\/\/stepthec.com\/","name":"Hem - Stepthec Oy","isPartOf":{"@id":"https:\/\/stepthec.com\/#website"},"datePublished":"2024-09-30T13:31:09+00:00","dateModified":"2025-02-17T08:58:30+00:00","breadcrumb":{"@id":"https:\/\/stepthec.com\/#breadcrumb"},"inLanguage":"sv-SE","potentialAction":[{"@type":"ReadAction","target":["https:\/\/stepthec.com\/"]}]},{"@type":"BreadcrumbList","@id":"https:\/\/stepthec.com\/#breadcrumb","itemListElement":[{"@type":"ListItem","position":1,"name":"Hem","item":"https:\/\/stepthec.com\/"},{"@type":"ListItem","position":2,"name":"Hem"}]},{"@type":"WebSite","@id":"https:\/\/stepthec.com\/#website","url":"https:\/\/stepthec.com\/","name":"Stepthec Oy","description":"","publisher":{"@id":"https:\/\/stepthec.com\/#organization"},"potentialAction":[{"@type":"SearchAction","target":{"@type":"EntryPoint","urlTemplate":"https:\/\/stepthec.com\/?s={search_term_string}"},"query-input":{"@type":"PropertyValueSpecification","valueRequired":true,"valueName":"search_term_string"}}],"inLanguage":"sv-SE"},{"@type":"Organization","@id":"https:\/\/stepthec.com\/#organization","name":"Stepthec Oy","url":"https:\/\/stepthec.com\/","logo":{"@type":"ImageObject","inLanguage":"sv-SE","@id":"https:\/\/stepthec.com\/#\/schema\/logo\/image\/","url":"https:\/\/stepthec.com\/wp-content\/uploads\/2024\/10\/weblogo-stepthec.png","contentUrl":"https:\/\/stepthec.com\/wp-content\/uploads\/2024\/10\/weblogo-stepthec.png","width":300,"height":73,"caption":"Stepthec Oy"},"image":{"@id":"https:\/\/stepthec.com\/#\/schema\/logo\/image\/"}}]}},"_links":{"self":[{"href":"https:\/\/stepthec.com\/sv\/wp-json\/wp\/v2\/pages\/30387","targetHints":{"allow":["GET"]}}],"collection":[{"href":"https:\/\/stepthec.com\/sv\/wp-json\/wp\/v2\/pages"}],"about":[{"href":"https:\/\/stepthec.com\/sv\/wp-json\/wp\/v2\/types\/page"}],"author":[{"embeddable":true,"href":"https:\/\/stepthec.com\/sv\/wp-json\/wp\/v2\/users\/1"}],"replies":[{"embeddable":true,"href":"https:\/\/stepthec.com\/sv\/wp-json\/wp\/v2\/comments?post=30387"}],"version-history":[{"count":30,"href":"https:\/\/stepthec.com\/sv\/wp-json\/wp\/v2\/pages\/30387\/revisions"}],"predecessor-version":[{"id":30887,"href":"https:\/\/stepthec.com\/sv\/wp-json\/wp\/v2\/pages\/30387\/revisions\/30887"}],"wp:attachment":[{"href":"https:\/\/stepthec.com\/sv\/wp-json\/wp\/v2\/media?parent=30387"}],"curies":[{"name":"wp","href":"https:\/\/api.w.org\/{rel}","templated":true}]}}