{"id":30401,"date":"2024-10-01T11:22:23","date_gmt":"2024-10-01T09:22:23","guid":{"rendered":"https:\/\/utveckling.visiondevelop.nu\/electia\/?page_id=30401"},"modified":"2025-02-17T09:58:34","modified_gmt":"2025-02-17T08:58:34","slug":"om-oss","status":"publish","type":"page","link":"https:\/\/stepthec.com\/sv\/om-oss\/","title":{"rendered":"Om oss"},"content":{"rendered":"<p>[et_pb_section fb_built=&#8221;1&#8243; custom_padding_last_edited=&#8221;on|desktop&#8221; module_class=&#8221;breadcrumb-area-wrapper&#8221; _builder_version=&#8221;4.27.2&#8243; _dynamic_attributes=&#8221;background_image&#8221; background_color=&#8221;#000000&#8243; use_background_color_gradient=&#8221;on&#8221; background_color_gradient_stops=&#8221;rgba(0,0,0,0.6) 0%|rgba(0,0,0,0.6) 100%&#8221; background_color_gradient_overlays_image=&#8221;on&#8221; background_image=&#8221;@ET-DC@eyJkeW5hbWljIjp0cnVlLCJjb250ZW50IjoicG9zdF9mZWF0dXJlZF9pbWFnZSIsInNldHRpbmdzIjp7fX0=@&#8221; custom_padding=&#8221;120px||120px||true|false&#8221; custom_padding_tablet=&#8221;100px||100px||true|false&#8221; custom_padding_phone=&#8221;80px||80px||true|false&#8221; saved_tabs=&#8221;all&#8221; global_colors_info=&#8221;{}&#8221;][et_pb_row _builder_version=&#8221;4.27.0&#8243; custom_padding=&#8221;0px||0px||true|false&#8221; global_colors_info=&#8221;{}&#8221;][et_pb_column type=&#8221;4_4&#8243; _builder_version=&#8221;4.16&#8243; custom_padding=&#8221;|||&#8221; global_colors_info=&#8221;{}&#8221; custom_padding__hover=&#8221;|||&#8221;][et_pb_post_title meta=&#8221;off&#8221; featured_image=&#8221;off&#8221; _builder_version=&#8221;4.27.0&#8243; title_font=&#8221;&#8211;et_global_heading_font|700|||||||&#8221; title_text_align=&#8221;left&#8221; title_text_color=&#8221;#ffffff&#8221; title_font_size=&#8221;50px&#8221; title_font_size_tablet=&#8221;40px&#8221; title_font_size_phone=&#8221;36px&#8221; title_font_size_last_edited=&#8221;on|desktop&#8221; global_colors_info=&#8221;{}&#8221;][\/et_pb_post_title][\/et_pb_column][\/et_pb_row][\/et_pb_section][et_pb_section fb_built=&#8221;1&#8243; custom_padding_last_edited=&#8221;on|desktop&#8221; _builder_version=&#8221;4.27.0&#8243; custom_padding=&#8221;60px|0px|60px|0px|true|false&#8221; custom_padding_tablet=&#8221;60px||60px||true|false&#8221; custom_padding_phone=&#8221;40px||40px||true|false&#8221; global_colors_info=&#8221;{}&#8221;][et_pb_row column_structure=&#8221;1_2,1_2&#8243; make_equal=&#8221;on&#8221; module_class=&#8221;center-align&#8221; _builder_version=&#8221;4.27.2&#8243; _module_preset=&#8221;default&#8221; width=&#8221;90%&#8221; global_colors_info=&#8221;{}&#8221;][et_pb_column type=&#8221;1_2&#8243; _builder_version=&#8221;4.27.2&#8243; _module_preset=&#8221;default&#8221; global_colors_info=&#8221;{}&#8221;][et_pb_heading title=&#8221;Om oss&#8221; _builder_version=&#8221;4.27.2&#8243; _module_preset=&#8221;default&#8221; title_level=&#8221;h2&#8243; title_font_size=&#8221;28px&#8221; custom_margin=&#8221;||15px||false|false&#8221; global_colors_info=&#8221;{}&#8221;][\/et_pb_heading][et_pb_text _builder_version=&#8221;4.27.2&#8243; _module_preset=&#8221;default&#8221; text_font_size=&#8221;18px&#8221; global_colors_info=&#8221;{}&#8221;]<\/p>\n<p>Stepthec Oy grundades 2011 och b\u00f6rjade sin resa inom maskinbearbetningstj\u00e4nster. 2014 tog vi ett stort steg fram\u00e5t genom att f\u00f6rv\u00e4rva en tryckeritj\u00e4nst och investera i v\u00e5ra egna lokaler. Under \u00e5ren har vi fortsatt att v\u00e4xa och investera i toppmodern utrustning, inklusive CNC-maskiner f\u00f6r fr\u00e4sning och svarvning, samt avancerade Zund-sk\u00e4r- och fr\u00e4smaskiner inom tryckeriverksamheten.<\/p>\n<p>V\u00e5r vision \u00e4r att forts\u00e4tta v\u00e4xa med l\u00f6nsamhet inom maskinbearbetning, tryckning och v\u00e4rdeskapande tj\u00e4nster. Vi str\u00e4var efter att vara den sj\u00e4lvklara partnern inom sourcing, design och tillverkning \u2013 fr\u00e5n tidiga id\u00e9stadier till volymproduktion.<\/p>\n<p>Stepthec&#8217;s strategi \u00e4r att st\u00e4ndigt utveckla v\u00e5rt erbjudande genom att l\u00e4gga till nya moderna tj\u00e4nster inom maskinbearbetning, tryckning och design, med m\u00e5let att erbjuda ett komplett koncept f\u00f6r v\u00e5ra kunder.<\/p>\n<p>V\u00e5ra k\u00e4rnv\u00e4rden bygger p\u00e5 att vara en p\u00e5litlig och innovativ partner genom hela tillverkningsprocessen.<\/p>\n<p>[\/et_pb_text][\/et_pb_column][et_pb_column type=&#8221;1_2&#8243; _builder_version=&#8221;4.27.2&#8243; _module_preset=&#8221;default&#8221; global_colors_info=&#8221;{}&#8221;][et_pb_image src=&#8221;https:\/\/stepthec.com\/wp-content\/uploads\/2024\/10\/resize.jpg&#8221; title_text=&#8221;resize&#8221; _builder_version=&#8221;4.27.2&#8243; _module_preset=&#8221;default&#8221; global_colors_info=&#8221;{}&#8221;][\/et_pb_image][\/et_pb_column][\/et_pb_row][\/et_pb_section]<\/p>\n","protected":false},"excerpt":{"rendered":"<p>Stepthec Oy grundades 2011 och b\u00f6rjade sin resa inom maskinbearbetningstj\u00e4nster. 2014 tog vi ett stort steg fram\u00e5t genom att f\u00f6rv\u00e4rva en tryckeritj\u00e4nst och investera i v\u00e5ra egna lokaler. Under \u00e5ren har vi fortsatt att v\u00e4xa och investera i toppmodern utrustning, inklusive CNC-maskiner f\u00f6r fr\u00e4sning och svarvning, samt avancerade Zund-sk\u00e4r- och fr\u00e4smaskiner inom tryckeriverksamheten. V\u00e5r vision [&hellip;]<\/p>\n","protected":false},"author":1,"featured_media":30471,"parent":0,"menu_order":0,"comment_status":"closed","ping_status":"closed","template":"","meta":{"_et_pb_use_builder":"on","_et_pb_old_content":"","_et_gb_content_width":"","footnotes":""},"class_list":["post-30401","page","type-page","status-publish","has-post-thumbnail","hentry"],"yoast_head":"<!-- This site is optimized with the Yoast SEO plugin v24.4 - https:\/\/yoast.com\/wordpress\/plugins\/seo\/ -->\n<title>Om oss - Stepthec Oy<\/title>\n<meta name=\"robots\" content=\"index, follow, max-snippet:-1, max-image-preview:large, max-video-preview:-1\" \/>\n<link rel=\"canonical\" href=\"https:\/\/stepthec.com\/om-oss\/\" \/>\n<meta property=\"og:locale\" content=\"sv_SE\" \/>\n<meta property=\"og:type\" content=\"article\" \/>\n<meta property=\"og:title\" content=\"Om oss - Stepthec Oy\" \/>\n<meta property=\"og:description\" content=\"Stepthec Oy grundades 2011 och b\u00f6rjade sin resa inom maskinbearbetningstj\u00e4nster. 2014 tog vi ett stort steg fram\u00e5t genom att f\u00f6rv\u00e4rva en tryckeritj\u00e4nst och investera i v\u00e5ra egna lokaler. Under \u00e5ren har vi fortsatt att v\u00e4xa och investera i toppmodern utrustning, inklusive CNC-maskiner f\u00f6r fr\u00e4sning och svarvning, samt avancerade Zund-sk\u00e4r- och fr\u00e4smaskiner inom tryckeriverksamheten. V\u00e5r vision [&hellip;]\" \/>\n<meta property=\"og:url\" content=\"https:\/\/stepthec.com\/om-oss\/\" \/>\n<meta property=\"og:site_name\" content=\"Stepthec Oy\" \/>\n<meta property=\"article:modified_time\" content=\"2025-02-17T08:58:34+00:00\" \/>\n<meta property=\"og:image\" content=\"https:\/\/stepthec.com\/wp-content\/uploads\/2024\/10\/cnc.jpg\" \/>\n\t<meta property=\"og:image:width\" content=\"1920\" \/>\n\t<meta property=\"og:image:height\" content=\"480\" \/>\n\t<meta property=\"og:image:type\" content=\"image\/jpeg\" \/>\n<meta name=\"twitter:card\" content=\"summary_large_image\" \/>\n<meta name=\"twitter:label1\" content=\"Ber\u00e4knad l\u00e4stid\" \/>\n\t<meta name=\"twitter:data1\" content=\"2 minuter\" \/>\n<script type=\"application\/ld+json\" class=\"yoast-schema-graph\">{\"@context\":\"https:\/\/schema.org\",\"@graph\":[{\"@type\":\"WebPage\",\"@id\":\"https:\/\/stepthec.com\/om-oss\/\",\"url\":\"https:\/\/stepthec.com\/om-oss\/\",\"name\":\"Om oss - Stepthec Oy\",\"isPartOf\":{\"@id\":\"https:\/\/stepthec.com\/#website\"},\"primaryImageOfPage\":{\"@id\":\"https:\/\/stepthec.com\/om-oss\/#primaryimage\"},\"image\":{\"@id\":\"https:\/\/stepthec.com\/om-oss\/#primaryimage\"},\"thumbnailUrl\":\"https:\/\/stepthec.com\/wp-content\/uploads\/2024\/10\/cnc.jpg\",\"datePublished\":\"2024-10-01T09:22:23+00:00\",\"dateModified\":\"2025-02-17T08:58:34+00:00\",\"breadcrumb\":{\"@id\":\"https:\/\/stepthec.com\/om-oss\/#breadcrumb\"},\"inLanguage\":\"sv-SE\",\"potentialAction\":[{\"@type\":\"ReadAction\",\"target\":[\"https:\/\/stepthec.com\/om-oss\/\"]}]},{\"@type\":\"ImageObject\",\"inLanguage\":\"sv-SE\",\"@id\":\"https:\/\/stepthec.com\/om-oss\/#primaryimage\",\"url\":\"https:\/\/stepthec.com\/wp-content\/uploads\/2024\/10\/cnc.jpg\",\"contentUrl\":\"https:\/\/stepthec.com\/wp-content\/uploads\/2024\/10\/cnc.jpg\",\"width\":1920,\"height\":480},{\"@type\":\"BreadcrumbList\",\"@id\":\"https:\/\/stepthec.com\/om-oss\/#breadcrumb\",\"itemListElement\":[{\"@type\":\"ListItem\",\"position\":1,\"name\":\"Hem\",\"item\":\"https:\/\/stepthec.com\/\"},{\"@type\":\"ListItem\",\"position\":2,\"name\":\"Om oss\"}]},{\"@type\":\"WebSite\",\"@id\":\"https:\/\/stepthec.com\/#website\",\"url\":\"https:\/\/stepthec.com\/\",\"name\":\"Stepthec Oy\",\"description\":\"\",\"publisher\":{\"@id\":\"https:\/\/stepthec.com\/#organization\"},\"potentialAction\":[{\"@type\":\"SearchAction\",\"target\":{\"@type\":\"EntryPoint\",\"urlTemplate\":\"https:\/\/stepthec.com\/?s={search_term_string}\"},\"query-input\":{\"@type\":\"PropertyValueSpecification\",\"valueRequired\":true,\"valueName\":\"search_term_string\"}}],\"inLanguage\":\"sv-SE\"},{\"@type\":\"Organization\",\"@id\":\"https:\/\/stepthec.com\/#organization\",\"name\":\"Stepthec Oy\",\"url\":\"https:\/\/stepthec.com\/\",\"logo\":{\"@type\":\"ImageObject\",\"inLanguage\":\"sv-SE\",\"@id\":\"https:\/\/stepthec.com\/#\/schema\/logo\/image\/\",\"url\":\"https:\/\/stepthec.com\/wp-content\/uploads\/2024\/10\/weblogo-stepthec.png\",\"contentUrl\":\"https:\/\/stepthec.com\/wp-content\/uploads\/2024\/10\/weblogo-stepthec.png\",\"width\":300,\"height\":73,\"caption\":\"Stepthec Oy\"},\"image\":{\"@id\":\"https:\/\/stepthec.com\/#\/schema\/logo\/image\/\"}}]}<\/script>\n<!-- \/ Yoast SEO plugin. -->","yoast_head_json":{"title":"Om oss - Stepthec Oy","robots":{"index":"index","follow":"follow","max-snippet":"max-snippet:-1","max-image-preview":"max-image-preview:large","max-video-preview":"max-video-preview:-1"},"canonical":"https:\/\/stepthec.com\/om-oss\/","og_locale":"sv_SE","og_type":"article","og_title":"Om oss - Stepthec Oy","og_description":"Stepthec Oy grundades 2011 och b\u00f6rjade sin resa inom maskinbearbetningstj\u00e4nster. 2014 tog vi ett stort steg fram\u00e5t genom att f\u00f6rv\u00e4rva en tryckeritj\u00e4nst och investera i v\u00e5ra egna lokaler. Under \u00e5ren har vi fortsatt att v\u00e4xa och investera i toppmodern utrustning, inklusive CNC-maskiner f\u00f6r fr\u00e4sning och svarvning, samt avancerade Zund-sk\u00e4r- och fr\u00e4smaskiner inom tryckeriverksamheten. V\u00e5r vision [&hellip;]","og_url":"https:\/\/stepthec.com\/om-oss\/","og_site_name":"Stepthec Oy","article_modified_time":"2025-02-17T08:58:34+00:00","og_image":[{"width":1920,"height":480,"url":"https:\/\/stepthec.com\/wp-content\/uploads\/2024\/10\/cnc.jpg","type":"image\/jpeg"}],"twitter_card":"summary_large_image","twitter_misc":{"Ber\u00e4knad l\u00e4stid":"2 minuter"},"schema":{"@context":"https:\/\/schema.org","@graph":[{"@type":"WebPage","@id":"https:\/\/stepthec.com\/om-oss\/","url":"https:\/\/stepthec.com\/om-oss\/","name":"Om oss - Stepthec Oy","isPartOf":{"@id":"https:\/\/stepthec.com\/#website"},"primaryImageOfPage":{"@id":"https:\/\/stepthec.com\/om-oss\/#primaryimage"},"image":{"@id":"https:\/\/stepthec.com\/om-oss\/#primaryimage"},"thumbnailUrl":"https:\/\/stepthec.com\/wp-content\/uploads\/2024\/10\/cnc.jpg","datePublished":"2024-10-01T09:22:23+00:00","dateModified":"2025-02-17T08:58:34+00:00","breadcrumb":{"@id":"https:\/\/stepthec.com\/om-oss\/#breadcrumb"},"inLanguage":"sv-SE","potentialAction":[{"@type":"ReadAction","target":["https:\/\/stepthec.com\/om-oss\/"]}]},{"@type":"ImageObject","inLanguage":"sv-SE","@id":"https:\/\/stepthec.com\/om-oss\/#primaryimage","url":"https:\/\/stepthec.com\/wp-content\/uploads\/2024\/10\/cnc.jpg","contentUrl":"https:\/\/stepthec.com\/wp-content\/uploads\/2024\/10\/cnc.jpg","width":1920,"height":480},{"@type":"BreadcrumbList","@id":"https:\/\/stepthec.com\/om-oss\/#breadcrumb","itemListElement":[{"@type":"ListItem","position":1,"name":"Hem","item":"https:\/\/stepthec.com\/"},{"@type":"ListItem","position":2,"name":"Om oss"}]},{"@type":"WebSite","@id":"https:\/\/stepthec.com\/#website","url":"https:\/\/stepthec.com\/","name":"Stepthec Oy","description":"","publisher":{"@id":"https:\/\/stepthec.com\/#organization"},"potentialAction":[{"@type":"SearchAction","target":{"@type":"EntryPoint","urlTemplate":"https:\/\/stepthec.com\/?s={search_term_string}"},"query-input":{"@type":"PropertyValueSpecification","valueRequired":true,"valueName":"search_term_string"}}],"inLanguage":"sv-SE"},{"@type":"Organization","@id":"https:\/\/stepthec.com\/#organization","name":"Stepthec Oy","url":"https:\/\/stepthec.com\/","logo":{"@type":"ImageObject","inLanguage":"sv-SE","@id":"https:\/\/stepthec.com\/#\/schema\/logo\/image\/","url":"https:\/\/stepthec.com\/wp-content\/uploads\/2024\/10\/weblogo-stepthec.png","contentUrl":"https:\/\/stepthec.com\/wp-content\/uploads\/2024\/10\/weblogo-stepthec.png","width":300,"height":73,"caption":"Stepthec Oy"},"image":{"@id":"https:\/\/stepthec.com\/#\/schema\/logo\/image\/"}}]}},"_links":{"self":[{"href":"https:\/\/stepthec.com\/sv\/wp-json\/wp\/v2\/pages\/30401","targetHints":{"allow":["GET"]}}],"collection":[{"href":"https:\/\/stepthec.com\/sv\/wp-json\/wp\/v2\/pages"}],"about":[{"href":"https:\/\/stepthec.com\/sv\/wp-json\/wp\/v2\/types\/page"}],"author":[{"embeddable":true,"href":"https:\/\/stepthec.com\/sv\/wp-json\/wp\/v2\/users\/1"}],"replies":[{"embeddable":true,"href":"https:\/\/stepthec.com\/sv\/wp-json\/wp\/v2\/comments?post=30401"}],"version-history":[{"count":6,"href":"https:\/\/stepthec.com\/sv\/wp-json\/wp\/v2\/pages\/30401\/revisions"}],"predecessor-version":[{"id":30889,"href":"https:\/\/stepthec.com\/sv\/wp-json\/wp\/v2\/pages\/30401\/revisions\/30889"}],"wp:featuredmedia":[{"embeddable":true,"href":"https:\/\/stepthec.com\/sv\/wp-json\/wp\/v2\/media\/30471"}],"wp:attachment":[{"href":"https:\/\/stepthec.com\/sv\/wp-json\/wp\/v2\/media?parent=30401"}],"curies":[{"name":"wp","href":"https:\/\/api.w.org\/{rel}","templated":true}]}}