{"id":30403,"date":"2024-10-01T11:22:31","date_gmt":"2024-10-01T09:22:31","guid":{"rendered":"https:\/\/utveckling.visiondevelop.nu\/electia\/?page_id=30403"},"modified":"2025-02-17T09:58:36","modified_gmt":"2025-02-17T08:58:36","slug":"tjanster","status":"publish","type":"page","link":"https:\/\/stepthec.com\/sv\/tjanster\/","title":{"rendered":"Tj\u00e4nster"},"content":{"rendered":"<p>[et_pb_section fb_built=&#8221;1&#8243; custom_padding_last_edited=&#8221;on|desktop&#8221; module_class=&#8221;breadcrumb-area-wrapper&#8221; _builder_version=&#8221;4.27.2&#8243; _dynamic_attributes=&#8221;background_image&#8221; background_color=&#8221;#000000&#8243; use_background_color_gradient=&#8221;on&#8221; background_color_gradient_stops=&#8221;rgba(0,0,0,0.6) 0%|rgba(0,0,0,0.6) 100%&#8221; background_color_gradient_overlays_image=&#8221;on&#8221; background_image=&#8221;@ET-DC@eyJkeW5hbWljIjp0cnVlLCJjb250ZW50IjoicG9zdF9mZWF0dXJlZF9pbWFnZSIsInNldHRpbmdzIjp7fX0=@&#8221; custom_padding=&#8221;120px||120px||true|false&#8221; custom_padding_tablet=&#8221;100px||100px||true|false&#8221; custom_padding_phone=&#8221;80px||80px||true|false&#8221; saved_tabs=&#8221;all&#8221; global_colors_info=&#8221;{}&#8221;][et_pb_row _builder_version=&#8221;4.27.0&#8243; custom_padding=&#8221;0px||0px||true|false&#8221; global_colors_info=&#8221;{}&#8221;][et_pb_column type=&#8221;4_4&#8243; _builder_version=&#8221;4.16&#8243; custom_padding=&#8221;|||&#8221; global_colors_info=&#8221;{}&#8221; custom_padding__hover=&#8221;|||&#8221;][et_pb_post_title meta=&#8221;off&#8221; featured_image=&#8221;off&#8221; _builder_version=&#8221;4.27.0&#8243; title_font=&#8221;&#8211;et_global_heading_font|700|||||||&#8221; title_text_align=&#8221;left&#8221; title_text_color=&#8221;#ffffff&#8221; title_font_size=&#8221;50px&#8221; title_font_size_tablet=&#8221;40px&#8221; title_font_size_phone=&#8221;36px&#8221; title_font_size_last_edited=&#8221;on|desktop&#8221; global_colors_info=&#8221;{}&#8221;][\/et_pb_post_title][\/et_pb_column][\/et_pb_row][\/et_pb_section][et_pb_section fb_built=&#8221;1&#8243; custom_padding_last_edited=&#8221;on|desktop&#8221; _builder_version=&#8221;4.27.2&#8243; background_color=&#8221;#c5c5c5&#8243; custom_padding=&#8221;80px|0px|80px|0px|true|false&#8221; custom_padding_tablet=&#8221;60px||60px||true|false&#8221; custom_padding_phone=&#8221;40px||40px||true|false&#8221; global_colors_info=&#8221;{}&#8221;][et_pb_row column_structure=&#8221;1_3,1_3,1_3&#8243; use_custom_gutter=&#8221;on&#8221; make_equal=&#8221;on&#8221; _builder_version=&#8221;4.27.2&#8243; _module_preset=&#8221;default&#8221; width=&#8221;90%&#8221; custom_padding=&#8221;||||false|false&#8221; global_colors_info=&#8221;{}&#8221;][et_pb_column type=&#8221;1_3&#8243; _builder_version=&#8221;4.27.2&#8243; _module_preset=&#8221;default&#8221; background_color=&#8221;#FFFFFF&#8221; custom_padding=&#8221;20px|20px|20px|20px|true|true&#8221; border_radii=&#8221;on|8px|8px|8px|8px&#8221; global_colors_info=&#8221;{}&#8221;][et_pb_image src=&#8221;https:\/\/stepthec.com\/wp-content\/uploads\/2025\/01\/cnc-img1.jpg&#8221; title_text=&#8221;cnc-img1&#8243; _builder_version=&#8221;4.27.4&#8243; _module_preset=&#8221;default&#8221; global_colors_info=&#8221;{}&#8221;][\/et_pb_image][et_pb_heading title=&#8221;CNC-bearbetning och svarvning&#8221; _builder_version=&#8221;4.27.2&#8243; _module_preset=&#8221;default&#8221; title_level=&#8221;h2&#8243; title_font_size=&#8221;22px&#8221; custom_margin=&#8221;||10px||false|false&#8221; global_colors_info=&#8221;{}&#8221;][\/et_pb_heading][et_pb_text _builder_version=&#8221;4.27.4&#8243; _module_preset=&#8221;default&#8221; text_font_size=&#8221;18px&#8221; global_colors_info=&#8221;{}&#8221;]Vi erbjuder bearbetnings-, fr\u00e4snings- och svarvningstj\u00e4nster, fr\u00e5n enstaka delar till st\u00f6rre serier. Vi sk\u00f6ter all materialanskaffning \u00e5t kunden f\u00f6r att f\u00f6rverkliga produkterna.<\/p>\n<p>V\u00e5ra merv\u00e4rdestj\u00e4nster inkluderar ytbehandling, m\u00e5lning, extruderade t\u00e4tningar och olika typer av produktmontering.[\/et_pb_text][\/et_pb_column][et_pb_column type=&#8221;1_3&#8243; _builder_version=&#8221;4.27.2&#8243; _module_preset=&#8221;default&#8221; background_color=&#8221;#FFFFFF&#8221; custom_padding=&#8221;20px|20px|20px|20px|true|true&#8221; border_radii=&#8221;on|8px|8px|8px|8px&#8221; global_colors_info=&#8221;{}&#8221;][et_pb_image src=&#8221;https:\/\/stepthec.com\/wp-content\/uploads\/2025\/01\/print-img1.jpg&#8221; title_text=&#8221;print-img1&#8243; _builder_version=&#8221;4.27.4&#8243; _module_preset=&#8221;default&#8221; global_colors_info=&#8221;{}&#8221;][\/et_pb_image][et_pb_heading title=&#8221;Industriellt tryck&#8221; _builder_version=&#8221;4.27.4&#8243; _module_preset=&#8221;default&#8221; title_level=&#8221;h2&#8243; title_font_size=&#8221;22px&#8221; custom_margin=&#8221;||10px||false|false&#8221; global_colors_info=&#8221;{}&#8221;][\/et_pb_heading][et_pb_text _builder_version=&#8221;4.27.2&#8243; _module_preset=&#8221;default&#8221; text_font_size=&#8221;18px&#8221; global_colors_info=&#8221;{}&#8221;]<span>I screentryck tillverkar vi olika tryckprodukter f\u00f6r industrins kr\u00e4vande behov.<br \/>\n<\/span><br \/>\n<span> <\/span><\/p>\n<ul>\n<li>Direkttryck p\u00e5 produkter, oavsett material<\/li>\n<li>Varnings-, produkt- och industrim\u00e4rkningar<\/li>\n<li>Alla Pantone- och RAL-f\u00e4rgval tillg\u00e4ngliga<\/li>\n<\/ul>\n<p>[\/et_pb_text][\/et_pb_column][et_pb_column type=&#8221;1_3&#8243; _builder_version=&#8221;4.27.2&#8243; _module_preset=&#8221;default&#8221; background_color=&#8221;#FFFFFF&#8221; custom_padding=&#8221;20px|20px|20px|20px|true|true&#8221; border_radii=&#8221;on|8px|8px|8px|8px&#8221; global_colors_info=&#8221;{}&#8221;][et_pb_image src=&#8221;https:\/\/stepthec.com\/wp-content\/uploads\/2025\/01\/storage-img1.jpg&#8221; title_text=&#8221;storage-img1&#8243; _builder_version=&#8221;4.27.4&#8243; _module_preset=&#8221;default&#8221; global_colors_info=&#8221;{}&#8221;][\/et_pb_image][et_pb_heading title=&#8221;Lagring och reparation&#8221; _builder_version=&#8221;4.27.2&#8243; _module_preset=&#8221;default&#8221; title_level=&#8221;h2&#8243; title_font_size=&#8221;22px&#8221; custom_margin=&#8221;||10px||false|false&#8221; global_colors_info=&#8221;{}&#8221;][\/et_pb_heading][et_pb_text _builder_version=&#8221;4.27.2&#8243; _module_preset=&#8221;default&#8221; text_font_size=&#8221;18px&#8221; global_colors_info=&#8221;{}&#8221;]<\/p>\n<p>Vi lagrar produkter f\u00f6r flera internationella f\u00f6retag i v\u00e5ra lokaler. Vi levererar dagliga best\u00e4llningar fr\u00e5n lagret direkt till slutkunderna \u2013 effektivt och tillf\u00f6rlitligt.<\/p>\n<p>Vi hanterar ocks\u00e5 eventuella kvalitetsproblem och tar hand om returhanteringen f\u00f6r v\u00e5ra kunders r\u00e4kning.<\/p>\n<p>[\/et_pb_text][\/et_pb_column][\/et_pb_row][\/et_pb_section][et_pb_section fb_built=&#8221;1&#8243; custom_padding_last_edited=&#8221;on|desktop&#8221; _builder_version=&#8221;4.27.2&#8243; background_color=&#8221;#d5d5d5&#8243; custom_padding=&#8221;80px|0px|80px|0px|true|false&#8221; custom_padding_tablet=&#8221;60px||60px||true|false&#8221; custom_padding_phone=&#8221;40px||40px||true|false&#8221; global_colors_info=&#8221;{}&#8221;][et_pb_row _builder_version=&#8221;4.27.2&#8243; _module_preset=&#8221;default&#8221; width=&#8221;90%&#8221; custom_margin=&#8221;||30px||false|false&#8221; global_colors_info=&#8221;{}&#8221;][et_pb_column type=&#8221;4_4&#8243; _builder_version=&#8221;4.27.2&#8243; _module_preset=&#8221;default&#8221; global_colors_info=&#8221;{}&#8221;][et_pb_heading title=&#8221;Produktion&#8221; _builder_version=&#8221;4.27.2&#8243; _module_preset=&#8221;default&#8221; title_level=&#8221;h2&#8243; custom_margin=&#8221;||10px||false|false&#8221; global_colors_info=&#8221;{}&#8221;][\/et_pb_heading][et_pb_text _builder_version=&#8221;4.27.2&#8243; _module_preset=&#8221;default&#8221; global_colors_info=&#8221;{}&#8221;]<\/p>\n<p>I v\u00e5ra effektiva och moderna produktionsanl\u00e4ggningar tillverkar vi produkter efter kundens behov snabbt och kostnadseffektivt.<\/p>\n<p>[\/et_pb_text][\/et_pb_column][\/et_pb_row][et_pb_row column_structure=&#8221;1_3,1_3,1_3&#8243; use_custom_gutter=&#8221;on&#8221; make_equal=&#8221;on&#8221; _builder_version=&#8221;4.27.4&#8243; _module_preset=&#8221;default&#8221; width=&#8221;90%&#8221; custom_padding=&#8221;||||false|false&#8221; global_colors_info=&#8221;{}&#8221;][et_pb_column type=&#8221;1_3&#8243; _builder_version=&#8221;4.27.2&#8243; _module_preset=&#8221;default&#8221; background_color=&#8221;#FFFFFF&#8221; custom_padding=&#8221;20px|20px|20px|20px|true|true&#8221; border_radii=&#8221;on|8px|8px|8px|8px&#8221; global_colors_info=&#8221;{}&#8221;][et_pb_image src=&#8221;https:\/\/stepthec.com\/wp-content\/uploads\/2024\/10\/koneistus2-510&#215;382-1.jpg&#8221; title_text=&#8221;koneistus2-510&#215;382&#8243; force_fullwidth=&#8221;on&#8221; _builder_version=&#8221;4.27.2&#8243; _module_preset=&#8221;default&#8221; global_colors_info=&#8221;{}&#8221;][\/et_pb_image][et_pb_heading title=&#8221;CNC-bearbetning&#8221; _builder_version=&#8221;4.27.2&#8243; _module_preset=&#8221;default&#8221; title_level=&#8221;h2&#8243; title_font_size=&#8221;22px&#8221; custom_margin=&#8221;||10px||false|false&#8221; global_colors_info=&#8221;{}&#8221;][\/et_pb_heading][et_pb_text _builder_version=&#8221;4.27.4&#8243; _module_preset=&#8221;default&#8221; text_font_size=&#8221;18px&#8221; global_colors_info=&#8221;{}&#8221;]V\u00e5r produktion omfattar tv\u00e5 Haas 4-axliga VF-3 och tv\u00e5 3-axliga VF-2 bearbetningscenter.[\/et_pb_text][et_pb_text _builder_version=&#8221;4.27.4&#8243; _module_preset=&#8221;default&#8221; text_font_size=&#8221;18px&#8221; global_colors_info=&#8221;{}&#8221;]<\/p>\n<ul>\n<li>VF 3SS rpm 12000, Maskinr\u00f6relser: X 1016 mm, Y 508 mm, Z 635 mm\n<\/li>\n<li>VF 3SS rpm 15000, Maskinr\u00f6relser: X 1016 mm, Y 508 mm, Z 635 mm\n<\/li>\n<li>VF 2SS rpm 15000, Maskinr\u00f6relser: X 762 mm, Y 406 mm, Z 508 mm\n<\/li>\n<li>VF 2SS rpm 15000, Maskinr\u00f6relser: X 762 mm, Y 406 mm, Z 508 mm\n<\/li>\n<\/ul>\n<p>[\/et_pb_text][\/et_pb_column][et_pb_column type=&#8221;1_3&#8243; _builder_version=&#8221;4.27.2&#8243; _module_preset=&#8221;default&#8221; background_color=&#8221;#FFFFFF&#8221; custom_padding=&#8221;20px|20px|20px|20px|true|true&#8221; border_radii=&#8221;on|8px|8px|8px|8px&#8221; global_colors_info=&#8221;{}&#8221;][et_pb_image src=&#8221;https:\/\/stepthec.com\/wp-content\/uploads\/2024\/10\/1-510&#215;382-1.jpg&#8221; title_text=&#8221;1-510&#215;382&#8243; force_fullwidth=&#8221;on&#8221; _builder_version=&#8221;4.27.2&#8243; _module_preset=&#8221;default&#8221; global_colors_info=&#8221;{}&#8221;][\/et_pb_image][et_pb_heading title=&#8221;CNC-svarvning&#8221; _builder_version=&#8221;4.27.4&#8243; _module_preset=&#8221;default&#8221; title_level=&#8221;h2&#8243; title_font_size=&#8221;22px&#8221; custom_margin=&#8221;||10px||false|false&#8221; global_colors_info=&#8221;{}&#8221;][\/et_pb_heading][et_pb_text _builder_version=&#8221;4.27.4&#8243; _module_preset=&#8221;default&#8221; text_font_size=&#8221;18px&#8221; global_colors_info=&#8221;{}&#8221;]V\u00e5r produktion inkluderar Mazak QT Compact 200MSY-svarv:[\/et_pb_text][et_pb_text _builder_version=&#8221;4.27.4&#8243; _module_preset=&#8221;default&#8221; text_font_size=&#8221;18px&#8221; global_colors_info=&#8221;{}&#8221;]<\/p>\n<ul>\n<li>Maximal bearbetningsdiameter: 340 mm\n<\/li>\n<li>3m st\u00e5ngmatning, maximal diameter: 65 mm\n<\/li>\n<\/ul>\n<p>[\/et_pb_text][\/et_pb_column][et_pb_column type=&#8221;1_3&#8243; _builder_version=&#8221;4.27.2&#8243; _module_preset=&#8221;default&#8221; background_color=&#8221;#FFFFFF&#8221; custom_padding=&#8221;20px|20px|20px|20px|true|true&#8221; border_radii=&#8221;on|8px|8px|8px|8px&#8221; global_colors_info=&#8221;{}&#8221;][et_pb_image src=&#8221;https:\/\/stepthec.com\/wp-content\/uploads\/2025\/01\/cabel-img2.jpg&#8221; title_text=&#8221;cabel-img2&#8243; force_fullwidth=&#8221;on&#8221; _builder_version=&#8221;4.27.4&#8243; _module_preset=&#8221;default&#8221; global_colors_info=&#8221;{}&#8221;][\/et_pb_image][et_pb_heading title=&#8221;Montage av kablar&#8221; _builder_version=&#8221;4.27.4&#8243; _module_preset=&#8221;default&#8221; title_level=&#8221;h2&#8243; title_font_size=&#8221;22px&#8221; custom_margin=&#8221;||10px||false|false&#8221; global_colors_info=&#8221;{}&#8221;][\/et_pb_heading][et_pb_text _builder_version=&#8221;4.27.4&#8243; _module_preset=&#8221;default&#8221; text_font_size=&#8221;18px&#8221; global_colors_info=&#8221;{}&#8221;]Stepthec erbjuder tj\u00e4nster f\u00f6r montage av kablar, anpassade efter kundens behov. Vi hanterar allt fr\u00e5n enklare l\u00f6sningar till mer avancerade kabelmontage. Processen kan inkludera design, prototyper och produktion i b\u00e5de sm\u00e5 och stora serier.[\/et_pb_text][\/et_pb_column][\/et_pb_row][et_pb_row column_structure=&#8221;1_3,1_3,1_3&#8243; use_custom_gutter=&#8221;on&#8221; make_equal=&#8221;on&#8221; _builder_version=&#8221;4.27.2&#8243; _module_preset=&#8221;default&#8221; width=&#8221;90%&#8221; custom_margin=&#8221;30px||||false|false&#8221; custom_padding=&#8221;||||false|false&#8221; global_colors_info=&#8221;{}&#8221;][et_pb_column type=&#8221;1_3&#8243; _builder_version=&#8221;4.27.2&#8243; _module_preset=&#8221;default&#8221; background_color=&#8221;#FFFFFF&#8221; custom_padding=&#8221;20px|20px|20px|20px|true|true&#8221; border_radii=&#8221;on|8px|8px|8px|8px&#8221; global_colors_info=&#8221;{}&#8221;][et_pb_image src=&#8221;https:\/\/stepthec.com\/wp-content\/uploads\/2025\/01\/quality.jpg&#8221; title_text=&#8221;quality&#8221; force_fullwidth=&#8221;on&#8221; _builder_version=&#8221;4.27.4&#8243; _module_preset=&#8221;default&#8221; global_colors_info=&#8221;{}&#8221;][\/et_pb_image][et_pb_heading title=&#8221;Kvalitetss\u00e4kring&#8221; _builder_version=&#8221;4.27.2&#8243; _module_preset=&#8221;default&#8221; title_level=&#8221;h2&#8243; title_font_size=&#8221;22px&#8221; custom_margin=&#8221;||10px||false|false&#8221; global_colors_info=&#8221;{}&#8221;][\/et_pb_heading][et_pb_text _builder_version=&#8221;4.27.4&#8243; _module_preset=&#8221;default&#8221; text_font_size=&#8221;18px&#8221; global_colors_info=&#8221;{}&#8221;]Vi kan s\u00e4kerst\u00e4lla den h\u00f6ga kvaliteten p\u00e5 v\u00e5r produktion med bland annat Zeiss Eclipse 700 CMM-m\u00e4tenhet.[\/et_pb_text][et_pb_text _builder_version=&#8221;4.27.2&#8243; _module_preset=&#8221;default&#8221; text_font_size=&#8221;18px&#8221; global_colors_info=&#8221;{}&#8221;]<\/p>\n<ul>\n<li>X1000, Y700, Z500<\/li>\n<li>Noggrannhet 1\/1000mm<\/li>\n<\/ul>\n<p>[\/et_pb_text][\/et_pb_column][et_pb_column type=&#8221;1_3&#8243; _builder_version=&#8221;4.27.2&#8243; _module_preset=&#8221;default&#8221; background_color=&#8221;#FFFFFF&#8221; custom_padding=&#8221;20px|20px|20px|20px|true|true&#8221; border_radii=&#8221;on|8px|8px|8px|8px&#8221; global_colors_info=&#8221;{}&#8221;][et_pb_image src=&#8221;https:\/\/stepthec.com\/wp-content\/uploads\/2024\/10\/3-510&#215;382-1-e1730818144471.jpg&#8221; title_text=&#8221;3-510&#215;382&#8243; force_fullwidth=&#8221;on&#8221; _builder_version=&#8221;4.27.2&#8243; _module_preset=&#8221;default&#8221; global_colors_info=&#8221;{}&#8221;][\/et_pb_image][et_pb_heading title=&#8221;Sk\u00e4rmtryck&#8221; _builder_version=&#8221;4.27.4&#8243; _module_preset=&#8221;default&#8221; title_level=&#8221;h2&#8243; title_font_size=&#8221;22px&#8221; custom_margin=&#8221;||10px||false|false&#8221; global_colors_info=&#8221;{}&#8221;][\/et_pb_heading][et_pb_text _builder_version=&#8221;4.27.4&#8243; _module_preset=&#8221;default&#8221; text_font_size=&#8221;18px&#8221; global_colors_info=&#8221;{}&#8221;]F\u00f6r tryck anv\u00e4nder vi tv\u00e5 halvautomatiska Atma-tryckmaskiner och flera manuella tryckbord.<br \/>\nSk\u00e4rning och efterbearbetning utf\u00f6rs med v\u00e5ra Zund-sk\u00e4rcenter. Material som bearbetas inkluderar PE, PVC, PC, PMMA, ferrit, olika gummimaterial, t\u00e4tningar, tejper etc.[\/et_pb_text][\/et_pb_column][et_pb_column type=&#8221;1_3&#8243; _builder_version=&#8221;4.27.2&#8243; _module_preset=&#8221;default&#8221; background_color=&#8221;#FFFFFF&#8221; custom_padding=&#8221;20px|20px|20px|20px|true|true&#8221; border_radii=&#8221;on|8px|8px|8px|8px&#8221; global_colors_info=&#8221;{}&#8221;][et_pb_image src=&#8221;https:\/\/stepthec.com\/wp-content\/uploads\/2024\/10\/Skarning.jpg&#8221; title_text=&#8221;Sk\u00e4rning&#8221; force_fullwidth=&#8221;on&#8221; _builder_version=&#8221;4.27.2&#8243; _module_preset=&#8221;default&#8221; global_colors_info=&#8221;{}&#8221;][\/et_pb_image][et_pb_heading title=&#8221;Sk\u00e4rning till form och efterbearbetning&#8221; _builder_version=&#8221;4.27.2&#8243; _module_preset=&#8221;default&#8221; title_level=&#8221;h2&#8243; title_font_size=&#8221;22px&#8221; custom_margin=&#8221;||10px||false|false&#8221; global_colors_info=&#8221;{}&#8221;][\/et_pb_heading][et_pb_text _builder_version=&#8221;4.27.4&#8243; _module_preset=&#8221;default&#8221; text_font_size=&#8221;18px&#8221; global_colors_info=&#8221;{}&#8221;]Tillsk\u00e4rning och efterbearbetning utf\u00f6rs med v\u00e5ra  Zund sk\u00e4rcentrum som \u00e4r utrustade med kamera. Sk\u00e4rningen utf\u00f6rs med antingen kniv eller routerhuvud. [\/et_pb_text][et_pb_text _builder_version=&#8221;4.27.4&#8243; _module_preset=&#8221;default&#8221; text_font_size=&#8221;18px&#8221; global_colors_info=&#8221;{}&#8221;]<\/p>\n<ul>\n<li>Tjockleken p\u00e5 materialen som ska sk\u00e4ras \u00e4r 0,1 \u2013 10 mm.<\/li>\n<\/ul>\n<p>[\/et_pb_text][\/et_pb_column][\/et_pb_row][\/et_pb_section]<\/p>\n","protected":false},"excerpt":{"rendered":"<p>Vi erbjuder bearbetnings-, fr\u00e4snings- och svarvningstj\u00e4nster, fr\u00e5n enstaka delar till st\u00f6rre serier. Vi sk\u00f6ter all materialanskaffning \u00e5t kunden f\u00f6r att f\u00f6rverkliga produkterna. V\u00e5ra merv\u00e4rdestj\u00e4nster inkluderar ytbehandling, m\u00e5lning, extruderade t\u00e4tningar och olika typer av produktmontering.I screentryck tillverkar vi olika tryckprodukter f\u00f6r industrins kr\u00e4vande behov. Direkttryck p\u00e5 produkter, oavsett material Varnings-, produkt- och industrim\u00e4rkningar Alla Pantone- och [&hellip;]<\/p>\n","protected":false},"author":1,"featured_media":30471,"parent":0,"menu_order":0,"comment_status":"closed","ping_status":"closed","template":"","meta":{"_et_pb_use_builder":"on","_et_pb_old_content":"","_et_gb_content_width":"","footnotes":""},"class_list":["post-30403","page","type-page","status-publish","has-post-thumbnail","hentry"],"yoast_head":"<!-- This site is optimized with the Yoast SEO plugin v24.4 - https:\/\/yoast.com\/wordpress\/plugins\/seo\/ -->\n<title>Tj\u00e4nster - Stepthec Oy<\/title>\n<meta name=\"robots\" content=\"index, follow, max-snippet:-1, max-image-preview:large, max-video-preview:-1\" \/>\n<link rel=\"canonical\" href=\"https:\/\/stepthec.com\/tjanster\/\" \/>\n<meta property=\"og:locale\" content=\"sv_SE\" \/>\n<meta property=\"og:type\" content=\"article\" \/>\n<meta property=\"og:title\" content=\"Tj\u00e4nster - Stepthec Oy\" \/>\n<meta property=\"og:description\" content=\"Vi erbjuder bearbetnings-, fr\u00e4snings- och svarvningstj\u00e4nster, fr\u00e5n enstaka delar till st\u00f6rre serier. Vi sk\u00f6ter all materialanskaffning \u00e5t kunden f\u00f6r att f\u00f6rverkliga produkterna. V\u00e5ra merv\u00e4rdestj\u00e4nster inkluderar ytbehandling, m\u00e5lning, extruderade t\u00e4tningar och olika typer av produktmontering.I screentryck tillverkar vi olika tryckprodukter f\u00f6r industrins kr\u00e4vande behov. Direkttryck p\u00e5 produkter, oavsett material Varnings-, produkt- och industrim\u00e4rkningar Alla Pantone- och [&hellip;]\" \/>\n<meta property=\"og:url\" content=\"https:\/\/stepthec.com\/tjanster\/\" \/>\n<meta property=\"og:site_name\" content=\"Stepthec Oy\" \/>\n<meta property=\"article:modified_time\" content=\"2025-02-17T08:58:36+00:00\" \/>\n<meta property=\"og:image\" content=\"https:\/\/stepthec.com\/wp-content\/uploads\/2024\/10\/cnc.jpg\" \/>\n\t<meta property=\"og:image:width\" content=\"1920\" \/>\n\t<meta property=\"og:image:height\" content=\"480\" \/>\n\t<meta property=\"og:image:type\" content=\"image\/jpeg\" \/>\n<meta name=\"twitter:card\" content=\"summary_large_image\" \/>\n<meta name=\"twitter:label1\" content=\"Ber\u00e4knad l\u00e4stid\" \/>\n\t<meta name=\"twitter:data1\" content=\"4 minuter\" \/>\n<script type=\"application\/ld+json\" class=\"yoast-schema-graph\">{\"@context\":\"https:\/\/schema.org\",\"@graph\":[{\"@type\":\"WebPage\",\"@id\":\"https:\/\/stepthec.com\/tjanster\/\",\"url\":\"https:\/\/stepthec.com\/tjanster\/\",\"name\":\"Tj\u00e4nster - Stepthec Oy\",\"isPartOf\":{\"@id\":\"https:\/\/stepthec.com\/#website\"},\"primaryImageOfPage\":{\"@id\":\"https:\/\/stepthec.com\/tjanster\/#primaryimage\"},\"image\":{\"@id\":\"https:\/\/stepthec.com\/tjanster\/#primaryimage\"},\"thumbnailUrl\":\"https:\/\/stepthec.com\/wp-content\/uploads\/2024\/10\/cnc.jpg\",\"datePublished\":\"2024-10-01T09:22:31+00:00\",\"dateModified\":\"2025-02-17T08:58:36+00:00\",\"breadcrumb\":{\"@id\":\"https:\/\/stepthec.com\/tjanster\/#breadcrumb\"},\"inLanguage\":\"sv-SE\",\"potentialAction\":[{\"@type\":\"ReadAction\",\"target\":[\"https:\/\/stepthec.com\/tjanster\/\"]}]},{\"@type\":\"ImageObject\",\"inLanguage\":\"sv-SE\",\"@id\":\"https:\/\/stepthec.com\/tjanster\/#primaryimage\",\"url\":\"https:\/\/stepthec.com\/wp-content\/uploads\/2024\/10\/cnc.jpg\",\"contentUrl\":\"https:\/\/stepthec.com\/wp-content\/uploads\/2024\/10\/cnc.jpg\",\"width\":1920,\"height\":480},{\"@type\":\"BreadcrumbList\",\"@id\":\"https:\/\/stepthec.com\/tjanster\/#breadcrumb\",\"itemListElement\":[{\"@type\":\"ListItem\",\"position\":1,\"name\":\"Hem\",\"item\":\"https:\/\/stepthec.com\/\"},{\"@type\":\"ListItem\",\"position\":2,\"name\":\"Tj\u00e4nster\"}]},{\"@type\":\"WebSite\",\"@id\":\"https:\/\/stepthec.com\/#website\",\"url\":\"https:\/\/stepthec.com\/\",\"name\":\"Stepthec Oy\",\"description\":\"\",\"publisher\":{\"@id\":\"https:\/\/stepthec.com\/#organization\"},\"potentialAction\":[{\"@type\":\"SearchAction\",\"target\":{\"@type\":\"EntryPoint\",\"urlTemplate\":\"https:\/\/stepthec.com\/?s={search_term_string}\"},\"query-input\":{\"@type\":\"PropertyValueSpecification\",\"valueRequired\":true,\"valueName\":\"search_term_string\"}}],\"inLanguage\":\"sv-SE\"},{\"@type\":\"Organization\",\"@id\":\"https:\/\/stepthec.com\/#organization\",\"name\":\"Stepthec Oy\",\"url\":\"https:\/\/stepthec.com\/\",\"logo\":{\"@type\":\"ImageObject\",\"inLanguage\":\"sv-SE\",\"@id\":\"https:\/\/stepthec.com\/#\/schema\/logo\/image\/\",\"url\":\"https:\/\/stepthec.com\/wp-content\/uploads\/2024\/10\/weblogo-stepthec.png\",\"contentUrl\":\"https:\/\/stepthec.com\/wp-content\/uploads\/2024\/10\/weblogo-stepthec.png\",\"width\":300,\"height\":73,\"caption\":\"Stepthec Oy\"},\"image\":{\"@id\":\"https:\/\/stepthec.com\/#\/schema\/logo\/image\/\"}}]}<\/script>\n<!-- \/ Yoast SEO plugin. -->","yoast_head_json":{"title":"Tj\u00e4nster - Stepthec Oy","robots":{"index":"index","follow":"follow","max-snippet":"max-snippet:-1","max-image-preview":"max-image-preview:large","max-video-preview":"max-video-preview:-1"},"canonical":"https:\/\/stepthec.com\/tjanster\/","og_locale":"sv_SE","og_type":"article","og_title":"Tj\u00e4nster - Stepthec Oy","og_description":"Vi erbjuder bearbetnings-, fr\u00e4snings- och svarvningstj\u00e4nster, fr\u00e5n enstaka delar till st\u00f6rre serier. Vi sk\u00f6ter all materialanskaffning \u00e5t kunden f\u00f6r att f\u00f6rverkliga produkterna. V\u00e5ra merv\u00e4rdestj\u00e4nster inkluderar ytbehandling, m\u00e5lning, extruderade t\u00e4tningar och olika typer av produktmontering.I screentryck tillverkar vi olika tryckprodukter f\u00f6r industrins kr\u00e4vande behov. Direkttryck p\u00e5 produkter, oavsett material Varnings-, produkt- och industrim\u00e4rkningar Alla Pantone- och [&hellip;]","og_url":"https:\/\/stepthec.com\/tjanster\/","og_site_name":"Stepthec Oy","article_modified_time":"2025-02-17T08:58:36+00:00","og_image":[{"width":1920,"height":480,"url":"https:\/\/stepthec.com\/wp-content\/uploads\/2024\/10\/cnc.jpg","type":"image\/jpeg"}],"twitter_card":"summary_large_image","twitter_misc":{"Ber\u00e4knad l\u00e4stid":"4 minuter"},"schema":{"@context":"https:\/\/schema.org","@graph":[{"@type":"WebPage","@id":"https:\/\/stepthec.com\/tjanster\/","url":"https:\/\/stepthec.com\/tjanster\/","name":"Tj\u00e4nster - Stepthec Oy","isPartOf":{"@id":"https:\/\/stepthec.com\/#website"},"primaryImageOfPage":{"@id":"https:\/\/stepthec.com\/tjanster\/#primaryimage"},"image":{"@id":"https:\/\/stepthec.com\/tjanster\/#primaryimage"},"thumbnailUrl":"https:\/\/stepthec.com\/wp-content\/uploads\/2024\/10\/cnc.jpg","datePublished":"2024-10-01T09:22:31+00:00","dateModified":"2025-02-17T08:58:36+00:00","breadcrumb":{"@id":"https:\/\/stepthec.com\/tjanster\/#breadcrumb"},"inLanguage":"sv-SE","potentialAction":[{"@type":"ReadAction","target":["https:\/\/stepthec.com\/tjanster\/"]}]},{"@type":"ImageObject","inLanguage":"sv-SE","@id":"https:\/\/stepthec.com\/tjanster\/#primaryimage","url":"https:\/\/stepthec.com\/wp-content\/uploads\/2024\/10\/cnc.jpg","contentUrl":"https:\/\/stepthec.com\/wp-content\/uploads\/2024\/10\/cnc.jpg","width":1920,"height":480},{"@type":"BreadcrumbList","@id":"https:\/\/stepthec.com\/tjanster\/#breadcrumb","itemListElement":[{"@type":"ListItem","position":1,"name":"Hem","item":"https:\/\/stepthec.com\/"},{"@type":"ListItem","position":2,"name":"Tj\u00e4nster"}]},{"@type":"WebSite","@id":"https:\/\/stepthec.com\/#website","url":"https:\/\/stepthec.com\/","name":"Stepthec Oy","description":"","publisher":{"@id":"https:\/\/stepthec.com\/#organization"},"potentialAction":[{"@type":"SearchAction","target":{"@type":"EntryPoint","urlTemplate":"https:\/\/stepthec.com\/?s={search_term_string}"},"query-input":{"@type":"PropertyValueSpecification","valueRequired":true,"valueName":"search_term_string"}}],"inLanguage":"sv-SE"},{"@type":"Organization","@id":"https:\/\/stepthec.com\/#organization","name":"Stepthec Oy","url":"https:\/\/stepthec.com\/","logo":{"@type":"ImageObject","inLanguage":"sv-SE","@id":"https:\/\/stepthec.com\/#\/schema\/logo\/image\/","url":"https:\/\/stepthec.com\/wp-content\/uploads\/2024\/10\/weblogo-stepthec.png","contentUrl":"https:\/\/stepthec.com\/wp-content\/uploads\/2024\/10\/weblogo-stepthec.png","width":300,"height":73,"caption":"Stepthec Oy"},"image":{"@id":"https:\/\/stepthec.com\/#\/schema\/logo\/image\/"}}]}},"_links":{"self":[{"href":"https:\/\/stepthec.com\/sv\/wp-json\/wp\/v2\/pages\/30403","targetHints":{"allow":["GET"]}}],"collection":[{"href":"https:\/\/stepthec.com\/sv\/wp-json\/wp\/v2\/pages"}],"about":[{"href":"https:\/\/stepthec.com\/sv\/wp-json\/wp\/v2\/types\/page"}],"author":[{"embeddable":true,"href":"https:\/\/stepthec.com\/sv\/wp-json\/wp\/v2\/users\/1"}],"replies":[{"embeddable":true,"href":"https:\/\/stepthec.com\/sv\/wp-json\/wp\/v2\/comments?post=30403"}],"version-history":[{"count":22,"href":"https:\/\/stepthec.com\/sv\/wp-json\/wp\/v2\/pages\/30403\/revisions"}],"predecessor-version":[{"id":30890,"href":"https:\/\/stepthec.com\/sv\/wp-json\/wp\/v2\/pages\/30403\/revisions\/30890"}],"wp:featuredmedia":[{"embeddable":true,"href":"https:\/\/stepthec.com\/sv\/wp-json\/wp\/v2\/media\/30471"}],"wp:attachment":[{"href":"https:\/\/stepthec.com\/sv\/wp-json\/wp\/v2\/media?parent=30403"}],"curies":[{"name":"wp","href":"https:\/\/api.w.org\/{rel}","templated":true}]}}